{"id":706,"date":"2024-10-23T04:48:15","date_gmt":"2024-10-23T04:48:15","guid":{"rendered":"https:\/\/tulam.click\/?page_id=706"},"modified":"2025-10-10T04:22:49","modified_gmt":"2025-10-10T04:22:49","slug":"dich-vu-tu-van-thiet-ke-thi-cong-cac-he-thong-cong-trinh-gas-cua-hiroshima-energy-supply","status":"publish","type":"page","link":"https:\/\/hiroshima-energysupply.com\/ja\/dich-vu-tu-van-thiet-ke-thi-cong-cac-he-thong-cong-trinh-gas-cua-hiroshima-energy-supply\/","title":{"rendered":"\u5e83\u5cf6\u30a8\u30cd\u30eb\u30ae\u30fc\u30b5\u30d7\u30e9\u30a4\u306e\u30ac\u30b9\u30b7\u30b9\u30c6\u30e0\u306b\u95a2\u3059\u308b\u30b3\u30f3\u30b5\u30eb\u30c6\u30a3\u30f3\u30b0\u3001\u8a2d\u8a08\u3001\u65bd\u5de5\u30b5\u30fc\u30d3\u30b9"},"content":{"rendered":"<div data-elementor-type=\"wp-page\" data-elementor-id=\"706\" class=\"elementor elementor-706\">\n\t\t\t\t\t\t<div class=\"elementor-inner\">\n\t\t\t\t<div class=\"elementor-section-wrap\">\n\t\t\t\t\t\t\t\t\t<section class=\"elementor-section elementor-top-section elementor-element elementor-element-67859b5 elementor-section-boxed elementor-section-height-default elementor-section-height-default\" data-id=\"67859b5\" data-element_type=\"section\">\n\t\t\t\t\t\t<div class=\"elementor-container elementor-column-gap-default\">\n\t\t\t\t\t\t\t<div class=\"elementor-row\">\n\t\t\t\t\t<div class=\"elementor-column elementor-col-100 elementor-top-column elementor-element elementor-element-021c3a0\" data-id=\"021c3a0\" data-element_type=\"column\">\n\t\t\t<div class=\"elementor-column-wrap elementor-element-populated\">\n\t\t\t\t\t\t\t<div class=\"elementor-widget-wrap\">\n\t\t\t\t\t\t<div class=\"elementor-element elementor-element-7256c3b elementor-widget elementor-widget-text-editor\" data-id=\"7256c3b\" data-element_type=\"widget\" data-widget_type=\"text-editor.default\">\n\t\t\t\t<div class=\"elementor-widget-container\">\n\t\t\t\t\t\t\t\t<div class=\"elementor-text-editor elementor-clearfix\">\n\t\t\t\t<p><strong>\u5de5\u5834\u5411\u3051LPG\u30ac\u30b9\u4f9b\u7d66\u30b7\u30b9\u30c6\u30e0\u8a2d\u8a08\u30b3\u30f3\u30b5\u30eb\u30c6\u30a3\u30f3\u30b0\u30b5\u30fc\u30d3\u30b9<\/strong><\/p><p>\u7523\u696d\u30a8\u30cd\u30eb\u30ae\u30fc\u5206\u91ce\u3067\u306f\u3001 <strong>LPG\u30ac\u30b9\u4f9b\u7d66\u30b7\u30b9\u30c6\u30e0\u8a2d\u8a08\u306b\u95a2\u3059\u308b\u30b3\u30f3\u30b5\u30eb\u30c6\u30a3\u30f3\u30b0\u30b5\u30fc\u30d3\u30b9\u3002<\/strong> \u6c7a\u5b9a\u7684\u306a\u5f79\u5272\u3092\u679c\u305f\u3059 <strong>\u904b\u7528\u30d1\u30d5\u30a9\u30fc\u30de\u30f3\u30b9\u3001\u706b\u707d\u5b89\u5168<\/strong> \u305d\u3057\u3066 <strong>\u5efa\u7269\u306e\u5168\u4f53\u7684\u306a\u7f8e\u89b3<\/strong>\u5f53\u793e\u306f\u3001\u8c4a\u5bcc\u306a\u7d4c\u9a13\u3068\u9ad8\u5ea6\u306a\u30b9\u30ad\u30eb\u3092\u6301\u3064\u30a8\u30f3\u30b8\u30cb\u30a2\u30c1\u30fc\u30e0\u3092\u64c1\u3057\u3001\u5e38\u306b\u4ee5\u4e0b\u306e\u53b3\u683c\u304b\u3064\u79d1\u5b66\u7684\u306a\u8a2d\u8a08\u30d7\u30ed\u30bb\u30b9\u3092\u9075\u5b88\u3057\u3066\u3044\u307e\u3059\u3002<\/p><p><img loading=\"lazy\" class=\"size-medium wp-image-1553 aligncenter\" src=\"https:\/\/hiroshima-energysupply.com\/wp-content\/uploads\/2025\/10\/7.BON-CHUA-LPG-20-TAN-300x225.jpg\" alt=\"\" width=\"300\" height=\"225\" srcset=\"https:\/\/hiroshima-energysupply.com\/wp-content\/uploads\/2025\/10\/7.BON-CHUA-LPG-20-TAN-300x225.jpg 300w, https:\/\/hiroshima-energysupply.com\/wp-content\/uploads\/2025\/10\/7.BON-CHUA-LPG-20-TAN-1024x768.jpg 1024w, https:\/\/hiroshima-energysupply.com\/wp-content\/uploads\/2025\/10\/7.BON-CHUA-LPG-20-TAN-768x576.jpg 768w, https:\/\/hiroshima-energysupply.com\/wp-content\/uploads\/2025\/10\/7.BON-CHUA-LPG-20-TAN-16x12.jpg 16w, https:\/\/hiroshima-energysupply.com\/wp-content\/uploads\/2025\/10\/7.BON-CHUA-LPG-20-TAN.jpg 1280w\" sizes=\"auto, (max-width: 300px) 100vw, 300px\" \/><\/p><p><strong>1. \u73fe\u5730\u8abf\u67fb\u3092\u5b9f\u65bd\u3057\u3001\u30d7\u30e9\u30f3\u30c8\u306e\u6d88\u8cbb\u80fd\u529b\u3092\u8a55\u4fa1\u3057\u307e\u3059\u3002<\/strong><\/p><ol><li><p>\u3053\u308c\u306f\u6700\u521d\u3067\u6700\u3082\u91cd\u8981\u306a\u30b9\u30c6\u30c3\u30d7\u3067\u3059\u3002\u30a8\u30f3\u30b8\u30cb\u30a2\u30ea\u30f3\u30b0\u30c1\u30fc\u30e0\u304c\u3053\u308c\u3092\u5b9f\u884c\u3057\u3066\u3044\u307e\u3059\u3002 <strong>\u8a73\u7d30\u306a\u73fe\u5834\u8abf\u67fb<\/strong>, <strong>\u30ac\u30b9\u6d88\u8cbb\u91cf\u306e\u30cb\u30fc\u30ba\u3092\u8a55\u4fa1\u3059\u308b<\/strong>\u3001 \u540c\u69d8\u306b <strong>\u5b9f\u969b\u306e\u8a2d\u7f6e\u6761\u4ef6<\/strong>\u305d\u3053\u304b\u3089\u6b63\u78ba\u306a\u5165\u529b\u30c7\u30fc\u30bf\u304c\u63d0\u4f9b\u3055\u308c\u3001\u8a08\u7b97\u304a\u3088\u3073\u8a2d\u8a08\u30d7\u30ed\u30bb\u30b9\u306e\u57fa\u790e\u3068\u3057\u3066\u5f79\u7acb\u3061\u307e\u3059\u3002<\/p><\/li><\/ol><p><img loading=\"lazy\" class=\"size-medium wp-image-1550 aligncenter\" src=\"https:\/\/hiroshima-energysupply.com\/wp-content\/uploads\/2025\/10\/4.MAY-HOA-HOI-100-KGH-300x225.jpg\" alt=\"\" width=\"300\" height=\"225\" srcset=\"https:\/\/hiroshima-energysupply.com\/wp-content\/uploads\/2025\/10\/4.MAY-HOA-HOI-100-KGH-300x225.jpg 300w, https:\/\/hiroshima-energysupply.com\/wp-content\/uploads\/2025\/10\/4.MAY-HOA-HOI-100-KGH-1024x768.jpg 1024w, https:\/\/hiroshima-energysupply.com\/wp-content\/uploads\/2025\/10\/4.MAY-HOA-HOI-100-KGH-768x576.jpg 768w, https:\/\/hiroshima-energysupply.com\/wp-content\/uploads\/2025\/10\/4.MAY-HOA-HOI-100-KGH-16x12.jpg 16w, https:\/\/hiroshima-energysupply.com\/wp-content\/uploads\/2025\/10\/4.MAY-HOA-HOI-100-KGH.jpg 1280w\" sizes=\"auto, (max-width: 300px) 100vw, 300px\" \/><strong>2. \u96fb\u529b\u5bb9\u91cf\u3092\u8a08\u7b97\u3057\u3001\u8a2d\u8a08\u8a08\u753b\u3092\u4f5c\u6210\u3057\u307e\u3059\u3002<\/strong><\/p><p>\u8abf\u67fb\u30c7\u30fc\u30bf\u306b\u57fa\u3065\u3044\u3066\u3001\u30a8\u30f3\u30b8\u30cb\u30a2\u306f\u4f5c\u696d\u3092\u5b9f\u884c\u3057\u307e\u3057\u305f\u3002 <strong>\u6700\u5927\u6d88\u8cbb\u96fb\u529b\u3001\u52d5\u4f5c\u5727\u529b\u3001\u5b89\u5168\u30de\u30fc\u30b8\u30f3\u30ec\u30d9\u30eb\u3092\u8a08\u7b97\u3057\u307e\u3059\u3002<\/strong>\u63d0\u6848\u3055\u308c\u305f\u8a2d\u8a08\u30aa\u30d7\u30b7\u30e7\u30f3\u306b\u3088\u308a\u3001\u6b21\u306e\u3053\u3068\u304c\u4fdd\u8a3c\u3055\u308c\u307e\u3059\u3002<\/p><p>\u5fdc\u7b54 <strong>\u9867\u5ba2\u306e\u5bb9\u91cf\u8981\u4ef6\u3092\u5b8c\u5168\u306b\u6e80\u305f\u3057\u307e\u3059\u3002<\/strong>.<\/p><p><img loading=\"lazy\" class=\"size-medium wp-image-1555 aligncenter\" src=\"https:\/\/hiroshima-energysupply.com\/wp-content\/uploads\/2025\/10\/9.-DAN-10-CHAI-300x225.jpg\" alt=\"\" width=\"300\" height=\"225\" srcset=\"https:\/\/hiroshima-energysupply.com\/wp-content\/uploads\/2025\/10\/9.-DAN-10-CHAI-300x225.jpg 300w, https:\/\/hiroshima-energysupply.com\/wp-content\/uploads\/2025\/10\/9.-DAN-10-CHAI-1024x768.jpg 1024w, https:\/\/hiroshima-energysupply.com\/wp-content\/uploads\/2025\/10\/9.-DAN-10-CHAI-768x576.jpg 768w, https:\/\/hiroshima-energysupply.com\/wp-content\/uploads\/2025\/10\/9.-DAN-10-CHAI-16x12.jpg 16w, https:\/\/hiroshima-energysupply.com\/wp-content\/uploads\/2025\/10\/9.-DAN-10-CHAI.jpg 1280w\" sizes=\"auto, (max-width: 300px) 100vw, 300px\" \/><\/p><p>\u30d5\u30a9\u30ed\u30fc\u3059\u308b <strong>\u706b\u707d\u5b89\u5168\u57fa\u6e96<\/strong>, <strong>\u63db\u6c17\u3068\u6280\u8853\u7684\u5b89\u5168\u8ddd\u96e2<\/strong>.<\/p><p><img loading=\"lazy\" class=\"size-medium wp-image-1554 aligncenter\" src=\"https:\/\/hiroshima-energysupply.com\/wp-content\/uploads\/2025\/10\/8.MAY-HOA-HOI-200-KGH-300x225.jpg\" alt=\"\" width=\"300\" height=\"225\" srcset=\"https:\/\/hiroshima-energysupply.com\/wp-content\/uploads\/2025\/10\/8.MAY-HOA-HOI-200-KGH-300x225.jpg 300w, https:\/\/hiroshima-energysupply.com\/wp-content\/uploads\/2025\/10\/8.MAY-HOA-HOI-200-KGH-1024x768.jpg 1024w, https:\/\/hiroshima-energysupply.com\/wp-content\/uploads\/2025\/10\/8.MAY-HOA-HOI-200-KGH-768x576.jpg 768w, https:\/\/hiroshima-energysupply.com\/wp-content\/uploads\/2025\/10\/8.MAY-HOA-HOI-200-KGH-16x12.jpg 16w, https:\/\/hiroshima-energysupply.com\/wp-content\/uploads\/2025\/10\/8.MAY-HOA-HOI-200-KGH.jpg 1280w\" sizes=\"auto, (max-width: 300px) 100vw, 300px\" \/><\/p><p>\u5f97\u308b <strong>\u898b\u305f\u76ee\u304c\u7f8e\u3057\u304f\u3001\u30b3\u30f3\u30d1\u30af\u30c8\u3067\u3001\u64cd\u4f5c\u3068\u30e1\u30f3\u30c6\u30ca\u30f3\u30b9\u304c\u7c21\u5358\u3067\u3059\u3002<\/strong><\/p><p><img loading=\"lazy\" class=\"size-medium wp-image-1549 aligncenter\" src=\"https:\/\/hiroshima-energysupply.com\/wp-content\/uploads\/2025\/10\/3.BON-CHUA-10-TON-LPG-SUMI-WIRING-SYSTEM-300x225.jpg\" alt=\"\" width=\"300\" height=\"225\" srcset=\"https:\/\/hiroshima-energysupply.com\/wp-content\/uploads\/2025\/10\/3.BON-CHUA-10-TON-LPG-SUMI-WIRING-SYSTEM-300x225.jpg 300w, https:\/\/hiroshima-energysupply.com\/wp-content\/uploads\/2025\/10\/3.BON-CHUA-10-TON-LPG-SUMI-WIRING-SYSTEM-1024x768.jpg 1024w, https:\/\/hiroshima-energysupply.com\/wp-content\/uploads\/2025\/10\/3.BON-CHUA-10-TON-LPG-SUMI-WIRING-SYSTEM-768x576.jpg 768w, https:\/\/hiroshima-energysupply.com\/wp-content\/uploads\/2025\/10\/3.BON-CHUA-10-TON-LPG-SUMI-WIRING-SYSTEM-16x12.jpg 16w, https:\/\/hiroshima-energysupply.com\/wp-content\/uploads\/2025\/10\/3.BON-CHUA-10-TON-LPG-SUMI-WIRING-SYSTEM.jpg 1280w\" sizes=\"auto, (max-width: 300px) 100vw, 300px\" \/><\/p><p><strong>3. \u5efa\u8a2d\u304a\u3088\u3073\u8a2d\u7f6e\u306f\u627f\u8a8d\u3055\u308c\u305f\u8a2d\u8a08\u56f3\u9762\u306b\u5f93\u3063\u3066\u5b9f\u65bd\u3059\u308b\u5fc5\u8981\u304c\u3042\u308a\u307e\u3059\u3002<\/strong><\/p><p>\u8a2d\u8a08\u56f3\u304c\u6295\u8cc7\u5bb6\u3068\u7ba1\u8f44\u5f53\u5c40\u306b\u627f\u8a8d\u3055\u308c\u305f\u5f8c\u3001\u4f5c\u696d\u3092\u9032\u3081\u307e\u3059\u3002 <strong>\u8a2d\u7f6e\u304a\u3088\u3073\u65bd\u5de5\u306f\u6280\u8853\u4ed5\u69d8\u306b\u5f93\u3063\u3066\u884c\u3046\u5fc5\u8981\u304c\u3042\u308a\u307e\u3059\u3002<\/strong>\u6750\u6599\u3001\u30d1\u30a4\u30d7\u3001\u30d0\u30eb\u30d6\u3001\u6a5f\u5668\u306e\u54c1\u8cea\u304c\u6b63\u3057\u3044\u30bf\u30a4\u30d7\u3067\u3042\u308b\u3053\u3068\u3092\u78ba\u8a8d\u3057\u307e\u3059\u3002<br \/>\u3059\u3079\u3066\u306e\u5546\u54c1\u306f <strong>\u691c\u67fb\u3001\u6f0f\u308c\u30c6\u30b9\u30c8\u3001\u5727\u529b\u30c6\u30b9\u30c8\u3001\u304a\u3088\u3073\u627f\u8a8d\u3002<\/strong> \u73fe\u884c\u306e\u6cd5\u5f8b\u304a\u3088\u3073\u898f\u5236\u306b\u6e96\u62e0\u3057\u307e\u3059\u3002<\/p><p><img loading=\"lazy\" class=\"size-medium wp-image-1548 aligncenter\" src=\"https:\/\/hiroshima-energysupply.com\/wp-content\/uploads\/2025\/10\/2.MAY-HOA-HOI-100KGH-300x225.jpg\" alt=\"\" width=\"300\" height=\"225\" srcset=\"https:\/\/hiroshima-energysupply.com\/wp-content\/uploads\/2025\/10\/2.MAY-HOA-HOI-100KGH-300x225.jpg 300w, https:\/\/hiroshima-energysupply.com\/wp-content\/uploads\/2025\/10\/2.MAY-HOA-HOI-100KGH-1024x768.jpg 1024w, https:\/\/hiroshima-energysupply.com\/wp-content\/uploads\/2025\/10\/2.MAY-HOA-HOI-100KGH-768x576.jpg 768w, https:\/\/hiroshima-energysupply.com\/wp-content\/uploads\/2025\/10\/2.MAY-HOA-HOI-100KGH-16x12.jpg 16w, https:\/\/hiroshima-energysupply.com\/wp-content\/uploads\/2025\/10\/2.MAY-HOA-HOI-100KGH.jpg 1280w\" sizes=\"auto, (max-width: 300px) 100vw, 300px\" \/><\/p><p><strong>4. \u8a2d\u8a08\u304a\u3088\u3073\u5efa\u8a2d\u306b\u9069\u7528\u3055\u308c\u308b\u57fa\u6e96\u304a\u3088\u3073\u898f\u5236<\/strong><\/p><p>LPG \u30ac\u30b9 \u30b7\u30b9\u30c6\u30e0\u306e\u8a2d\u8a08\u3068\u69cb\u7bc9\u306f\u3001\u5e38\u306b\u4ee5\u4e0b\u306e\u73fe\u884c\u306e\u56fd\u5bb6\u898f\u683c\u304a\u3088\u3073\u898f\u5236\u306b\u5b8c\u5168\u306b\u6e96\u62e0\u3057\u3066\u3044\u307e\u3059\u3002<\/p><ul><li><strong>QCVN 01:2019\/BCT<\/strong> \u2013 \u9632\u706b\u30b7\u30b9\u30c6\u30e0\u306b\u95a2\u3059\u308b\u56fd\u5bb6\u6280\u8853\u57fa\u6e96 <strong>\u30ac\u30b9\u8caf\u8535\u65bd\u8a2d\u3001\u8f38\u51fa\u5165\u6e2f\u3001\u30ac\u30b9\u914d\u7d66\u30b9\u30c6\u30fc\u30b7\u30e7\u30f3\u3002<\/strong>.<\/li><li><strong>QCVN 02:2020\/BCT<\/strong> \u2013 \u56fd\u5bb6\u6280\u8853\u57fa\u6e96 <strong>\u6db2\u5316\u77f3\u6cb9\u30ac\u30b9\uff08LPG\uff09\u8caf\u8535\u30bf\u30f3\u30af\u306e\u5b89\u5168\u6027<\/strong>.<\/li><li><strong>TCVN 6486<\/strong> \u2013 \u306b\u95a2\u3059\u308b\u898f\u5236 <strong>\u52a0\u5727\u6db2\u5316\u77f3\u6cb9\u30ac\u30b9\u306e\u8a2d\u8a08\u3001\u8a2d\u7f6e\u304a\u3088\u3073\u8caf\u8535\u3002<\/strong>.<\/li><li><strong>TCVN 7441<\/strong> \u2013 \u306b\u95a2\u3059\u308b\u898f\u5236 <strong>\u6d88\u8cbb\u5730\u70b9\u306b\u304a\u3051\u308b\u6db2\u5316\u77f3\u6cb9\u30ac\u30b9\uff08LPG\uff09\u4f9b\u7d66\u30b7\u30b9\u30c6\u30e0<\/strong>.<\/li><li><strong>QCVN 10:2015\/BCT<\/strong> \u2013 \u6280\u8853\u57fa\u6e96\u306b\u95a2\u3059\u308b <strong>\u6db2\u5316\u77f3\u6cb9\u30ac\u30b9\uff08LPG\uff09\u7d66\u6cb9\u6240\u306e\u5b89\u5168\u6027<\/strong>.<\/li><li><strong>\u653f\u4ee4105\/2020\/ND-CP<\/strong> \u2013 \u8a73\u7d30\u306a\u898f\u5236\u3068\u5b9f\u65bd\u63aa\u7f6e <strong>\u706b\u707d\u4e88\u9632\u3001\u6d88\u706b\u3001\u6551\u52a9\u53ca\u3073\u6551\u52a9\u306b\u95a2\u3059\u308b\u6cd5\u5f8b<\/strong>.<\/li><\/ul><p><img loading=\"lazy\" class=\"size-medium wp-image-1547 aligncenter\" src=\"https:\/\/hiroshima-energysupply.com\/wp-content\/uploads\/2025\/10\/1.BON-CHUA-10-TAN-LPG-CONG-TY-TNHH-CASTEM-VIET-NAM-300x225.jpg\" alt=\"\" width=\"300\" height=\"225\" srcset=\"https:\/\/hiroshima-energysupply.com\/wp-content\/uploads\/2025\/10\/1.BON-CHUA-10-TAN-LPG-CONG-TY-TNHH-CASTEM-VIET-NAM-300x225.jpg 300w, https:\/\/hiroshima-energysupply.com\/wp-content\/uploads\/2025\/10\/1.BON-CHUA-10-TAN-LPG-CONG-TY-TNHH-CASTEM-VIET-NAM-1024x768.jpg 1024w, https:\/\/hiroshima-energysupply.com\/wp-content\/uploads\/2025\/10\/1.BON-CHUA-10-TAN-LPG-CONG-TY-TNHH-CASTEM-VIET-NAM-768x576.jpg 768w, https:\/\/hiroshima-energysupply.com\/wp-content\/uploads\/2025\/10\/1.BON-CHUA-10-TAN-LPG-CONG-TY-TNHH-CASTEM-VIET-NAM-16x12.jpg 16w, https:\/\/hiroshima-energysupply.com\/wp-content\/uploads\/2025\/10\/1.BON-CHUA-10-TAN-LPG-CONG-TY-TNHH-CASTEM-VIET-NAM.jpg 1280w\" sizes=\"auto, (max-width: 300px) 100vw, 300px\" \/><\/p><p><strong>\u7d50\u8ad6\u3059\u308b\uff1a<\/strong><br \/>\u826f\u3044\u30c7\u30b6\u30a4\u30f3\u306f\u3001 <strong>\u30a8\u30cd\u30eb\u30ae\u30fc\u52b9\u7387\u306e\u6700\u9069\u5316<\/strong>\u3060\u3051\u3067\u306a\u304f\u3001 <strong>\u30d7\u30ed\u30d5\u30a7\u30c3\u30b7\u30e7\u30ca\u30eb\u57fa\u6e96\u3068\u5b8c\u5168\u306a\u5b89\u5fc3\u611f\u3002<\/strong> \u6295\u8cc7\u5bb6\u306e\u305f\u3081\u306b\u3002\u30e2\u30c3\u30c8\u30fc\u306f <em>\u300c\u5b89\u5168 - \u52b9\u679c\u7684 - \u7f8e\u3057\u3044 - \u6301\u7d9a\u53ef\u80fd\u300d<\/em>\u79c1\u305f\u3061\u306f\u3001\u3059\u3079\u3066\u306e\u30d7\u30ed\u30b8\u30a7\u30af\u30c8\u306b\u304a\u3044\u3066\u3001\u6700\u521d\u304b\u3089\u6700\u5f8c\u307e\u3067\u5e38\u306b\u304a\u5ba2\u69d8\u3092\u30b5\u30dd\u30fc\u30c8\u3057\u307e\u3059\u3002 <strong>\u8abf\u67fb \u2013 \u8a2d\u8a08 \u2013 \u5efa\u8a2d \u2013 \u691c\u53ce<\/strong>\u3001\u3082\u305f\u3089\u3059 <strong>\u6700\u3082\u5305\u62ec\u7684\u304b\u3064\u6700\u9069\u306a\u30bd\u30ea\u30e5\u30fc\u30b7\u30e7\u30f3\u3002<\/strong><\/p>\t\t\t\t\t<\/div>\n\t\t\t\t\t\t<\/div>\n\t\t\t\t<\/div>\n\t\t\t\t\t\t<\/div>\n\t\t\t\t\t<\/div>\n\t\t<\/div>\n\t\t\t\t\t\t\t\t<\/div>\n\t\t\t\t\t<\/div>\n\t\t<\/section>\n\t\t\t\t\t\t\t\t\t<\/div>\n\t\t\t<\/div>\n\t\t\t\t\t<\/div>","protected":false},"excerpt":{"rendered":"<p>T\u01af V\u1ea4N THI\u1ebeT K\u1ebe H\u1ec6 TH\u1ed0NG CUNG C\u1ea4P KH\u00cd LPG CHO NH\u00c0 M\u00c1YTrong l\u0129nh v\u1ef1c n\u0103ng l\u01b0\u1ee3ng c\u00f4ng nghi\u1ec7p, c\u00f4ng t\u00e1c t\u01b0 v\u1ea5n thi\u1ebft k\u1ebf h\u1ec7 th\u1ed1ng cung c\u1ea5p kh\u00ed LPG \u0111\u00f3ng vai tr\u00f2 then ch\u1ed1t, quy\u1ebft \u0111\u1ecbnh \u0111\u1ebfn hi\u1ec7u su\u1ea5t v\u1eadn h\u00e0nh, an to\u00e0n PCCC v\u00e0 t\u00ednh th\u1ea9m m\u1ef9 t\u1ed5ng th\u1ec3 c\u1ee7a c\u00f4ng tr\u00ecnh. V\u1edbi kinh nghi\u1ec7m v\u00e0 \u0111\u1ed9i ng\u0169 k\u1ef9 s\u01b0 chuy\u00ean m\u00f4n cao, ch\u00fang t\u00f4i lu\u00f4n tu\u00e2n th\u1ee7 quy tr\u00ecnh thi\u1ebft k\u1ebf nghi\u00eam ng\u1eb7t v\u00e0 khoa h\u1ecdc nh\u01b0 sau:1.X\u00fac ti\u1ebfn kh\u1ea3o s\u00e1t hi\u1ec7n tr\u01b0\u1eddng v\u00e0 \u0111\u00e1nh gi\u00e1 c\u00f4ng su\u1ea5t ti\u00eau th\u1ee5 c\u1ee7a nh\u00e0 m\u00e1y\u0110\u00e2y l\u00e0 b\u01b0\u1edbc \u0111\u1ea7u ti\u00ean v\u00e0 quan tr\u1ecdng nh\u1ea5t. \u0110\u1ed9i ng\u0169 k\u1ef9 s\u01b0 ti\u1ebfn [&hellip;]<\/p>","protected":false},"author":1,"featured_media":0,"parent":0,"menu_order":0,"comment_status":"closed","ping_status":"closed","template":"elementor_header_footer","meta":{"footnotes":""},"class_list":["post-706","page","type-page","status-publish","hentry"],"_links":{"self":[{"href":"https:\/\/hiroshima-energysupply.com\/ja\/wp-json\/wp\/v2\/pages\/706","targetHints":{"allow":["GET"]}}],"collection":[{"href":"https:\/\/hiroshima-energysupply.com\/ja\/wp-json\/wp\/v2\/pages"}],"about":[{"href":"https:\/\/hiroshima-energysupply.com\/ja\/wp-json\/wp\/v2\/types\/page"}],"author":[{"embeddable":true,"href":"https:\/\/hiroshima-energysupply.com\/ja\/wp-json\/wp\/v2\/users\/1"}],"replies":[{"embeddable":true,"href":"https:\/\/hiroshima-energysupply.com\/ja\/wp-json\/wp\/v2\/comments?post=706"}],"version-history":[{"count":20,"href":"https:\/\/hiroshima-energysupply.com\/ja\/wp-json\/wp\/v2\/pages\/706\/revisions"}],"predecessor-version":[{"id":1566,"href":"https:\/\/hiroshima-energysupply.com\/ja\/wp-json\/wp\/v2\/pages\/706\/revisions\/1566"}],"wp:attachment":[{"href":"https:\/\/hiroshima-energysupply.com\/ja\/wp-json\/wp\/v2\/media?parent=706"}],"curies":[{"name":"wp","href":"https:\/\/api.w.org\/{rel}","templated":true}]}}