{"id":1570,"date":"2025-10-10T04:30:32","date_gmt":"2025-10-10T04:30:32","guid":{"rendered":"https:\/\/hiroshima-energysupply.com\/?page_id=1570"},"modified":"2025-10-10T04:39:12","modified_gmt":"2025-10-10T04:39:12","slug":"dich-vu-bao-tri-bao-duong-lpg","status":"publish","type":"page","link":"https:\/\/hiroshima-energysupply.com\/ja\/dich-vu-bao-tri-bao-duong-lpg\/","title":{"rendered":"LPG\u30b7\u30b9\u30c6\u30e0\u306e\u30e1\u30f3\u30c6\u30ca\u30f3\u30b9\u304a\u3088\u3073\u4fee\u7406\u30b5\u30fc\u30d3\u30b9"},"content":{"rendered":"<div data-elementor-type=\"wp-page\" data-elementor-id=\"1570\" class=\"elementor elementor-1570\">\n\t\t\t\t\t\t<div class=\"elementor-inner\">\n\t\t\t\t<div class=\"elementor-section-wrap\">\n\t\t\t\t\t\t\t\t\t<section class=\"elementor-section elementor-top-section elementor-element elementor-element-6b2b2b7 elementor-section-boxed elementor-section-height-default elementor-section-height-default\" data-id=\"6b2b2b7\" data-element_type=\"section\">\n\t\t\t\t\t\t<div class=\"elementor-container elementor-column-gap-default\">\n\t\t\t\t\t\t\t<div class=\"elementor-row\">\n\t\t\t\t\t<div class=\"elementor-column elementor-col-100 elementor-top-column elementor-element elementor-element-f69e4a6\" data-id=\"f69e4a6\" data-element_type=\"column\">\n\t\t\t<div class=\"elementor-column-wrap elementor-element-populated\">\n\t\t\t\t\t\t\t<div class=\"elementor-widget-wrap\">\n\t\t\t\t\t\t<div class=\"elementor-element elementor-element-aa13e13 elementor-widget elementor-widget-text-editor\" data-id=\"aa13e13\" data-element_type=\"widget\" data-widget_type=\"text-editor.default\">\n\t\t\t\t<div class=\"elementor-widget-container\">\n\t\t\t\t\t\t\t\t<div class=\"elementor-text-editor elementor-clearfix\">\n\t\t\t\t<p class=\"MsoNormal\" style=\"margin: 0cm 0cm 8pt; line-height: normal; font-size: 12pt; font-family: 'Times New Roman', serif; color: #000000; text-align: center;\"><b><span lang=\"EN-US\" style=\"font-size: 18pt;\">LPG\u30b7\u30b9\u30c6\u30e0\u30e1\u30f3\u30c6\u30ca\u30f3\u30b9\u30b5\u30fc\u30d3\u30b9<\/span><\/b><\/p><p>\u00a0<\/p><p class=\"MsoNormal\" style=\"margin: 0cm 0cm 8pt; line-height: normal; font-size: 12pt; font-family: 'Times New Roman', serif; color: #000000;\"><span lang=\"EN-US\">\u30e2\u30c3\u30c8\u30fc\u306f <b>\u300c\u5b89\u5168 \u2013 \u52b9\u7387\u7684 \u2013 \u6301\u7d9a\u53ef\u80fd\u300d<\/b>HES\u306f\u3001\u6db2\u5316\u77f3\u6cb9\u30ac\u30b9\uff08LPG\uff09\u30b7\u30b9\u30c6\u30e0\u306e\u904b\u7528\u3092\u901a\u3058\u3066\u5e38\u306b\u304a\u5ba2\u69d8\u3092\u30b5\u30dd\u30fc\u30c8\u3057\u307e\u3059\u3002\u30b5\u30fc\u30d3\u30b9 <b>\u5b9a\u671f\u7684\u306a\u30e1\u30f3\u30c6\u30ca\u30f3\u30b9<\/b> HES\u306f\u5b89\u5b9a\u3057\u305f\u904b\u7528\u30d1\u30d5\u30a9\u30fc\u30de\u30f3\u30b9\u3092\u7dad\u6301\u3059\u308b\u3060\u3051\u3067\u306a\u304f\u3001 <b>\u6a5f\u5668\u306e\u5bff\u547d\u3092\u5ef6\u3070\u3057\u3001\u30ea\u30b9\u30af\u3092\u6700\u5c0f\u9650\u306b\u6291\u3048\u3001\u7d76\u5bfe\u7684\u306a\u5b89\u5168\u6027\u3092\u78ba\u4fdd\u3059\u308b<\/b> \u30b7\u30b9\u30c6\u30e0\u5168\u4f53\u306b\u5bfe\u3057\u3066\u3002<\/span><\/p><p class=\"MsoNormal\" style=\"margin: 0cm 0cm 8pt; line-height: normal; font-size: 12pt; font-family: 'Times New Roman', serif; color: #000000;\"><b><span lang=\"EN-US\" style=\"font-size: 13.5pt;\">1. \u53d7\u5bb9\u3068\u73fe\u72b6\u8abf\u67fb<\/span><\/b><\/p><p class=\"MsoNormal\" style=\"margin: 0cm 0cm 8pt; line-height: normal; font-size: 12pt; font-family: 'Times New Roman', serif; color: #000000;\"><span lang=\"EN-US\">HES \u30a8\u30f3\u30b8\u30cb\u30a2\u30ea\u30f3\u30b0 \u30c1\u30fc\u30e0\u306f\u3001\u9867\u5ba2\u304b\u3089\u306e\u30ea\u30af\u30a8\u30b9\u30c8\u3092\u53d7\u3051\u53d6\u308b\u3068\u3059\u3050\u306b\u6b21\u306e\u5bfe\u5fdc\u3092\u884c\u3044\u307e\u3059\u3002<\/span><\/p><ul style=\"margin-bottom: 0cm; color: #000000; font-size: medium;\" type=\"disc\"><li class=\"MsoNormal\" style=\"margin: 0cm 0cm 8pt; line-height: normal; font-size: 12pt; font-family: 'Times New Roman', serif;\"><span lang=\"EN-US\">\u9032\u3080 <b>\u30b7\u30b9\u30c6\u30e0\u8abf\u67fb<\/b>\u6a5f\u5668\u3001\u914d\u7ba1\u3001\u30bf\u30f3\u30af\u3001\u4ed8\u5c5e\u54c1\u306e\u72b6\u614b\u3092\u8a55\u4fa1\u3057\u307e\u3059\u3002<\/span><\/li><li class=\"MsoNormal\" style=\"margin: 0cm 0cm 8pt; line-height: normal; font-size: 12pt; font-family: 'Times New Roman', serif;\"><b><span lang=\"EN-US\">\u6469\u8017\u3068\u640d\u50b7\u306e\u30ec\u30d9\u30eb\u3092\u5206\u6790\u3059\u308b<\/span><\/b><span lang=\"EN-US\"> \u5177\u4f53\u7684\u306a\u30e1\u30f3\u30c6\u30ca\u30f3\u30b9\u306e\u30cb\u30fc\u30ba\u3092\u7279\u5b9a\u3057\u307e\u3059\u3002<\/span><\/li><li class=\"MsoNormal\" style=\"margin: 0cm 0cm 8pt; line-height: normal; font-size: 12pt; font-family: 'Times New Roman', serif;\"><b><span lang=\"EN-US\">\u8a73\u7d30\u306a\u898b\u7a4d\u3082\u308a\u3092\u4f5c\u6210\u3059\u308b<\/span><\/b><span lang=\"EN-US\"> \u6750\u6599\u3001\u52b4\u50cd\u529b\u3001\u5b9f\u88c5\u6642\u9593\u306b\u57fa\u3065\u3044\u3066\u3001\u9867\u5ba2\u306b\u3068\u3063\u3066\u306e\u900f\u660e\u6027\u3068\u30b3\u30b9\u30c8\u306e\u6700\u9069\u5316\u3092\u4fdd\u8a3c\u3057\u307e\u3059\u3002<\/span><\/li><\/ul><p class=\"MsoNormal\" style=\"margin: 0cm 0cm 8pt; line-height: normal; font-size: 12pt; font-family: 'Times New Roman', serif; color: #000000;\"><b><span lang=\"EN-US\" style=\"font-size: 13.5pt;\">2. \u5fb9\u5e95\u7684\u306a\u30e1\u30f3\u30c6\u30ca\u30f3\u30b9\u3092\u5b9f\u65bd\u3059\u308b<\/span><\/b><\/p><p class=\"MsoNormal\" style=\"margin: 0cm 0cm 8pt; line-height: normal; font-size: 12pt; font-family: 'Times New Roman', serif; color: #000000;\"><span lang=\"EN-US\">HES \u306f\u3001\u6280\u8853\u304a\u3088\u3073\u5b89\u5168\u57fa\u6e96\u3092\u53b3\u5b88\u3057\u3001\u5c02\u9580\u7684\u306a\u30d7\u30ed\u30bb\u30b9\u306b\u5f93\u3063\u3066\u30b5\u30fc\u30d3\u30b9\u3092\u5c55\u958b\u3057\u307e\u3059\u3002<\/span><\/p><p class=\"MsoNormal\" style=\"margin: 0cm 0cm 8pt; line-height: normal; font-size: 12pt; font-family: 'Times New Roman', serif; color: #000000;\"><b><span lang=\"EN-US\">\u4e3b\u306a\u30b5\u30fc\u30d3\u30b9\u30ab\u30c6\u30b4\u30ea\u306f\u6b21\u306e\u3068\u304a\u308a\u3067\u3059\u3002<\/span><\/b><\/p><p class=\"MsoNormal\" style=\"margin: 0cm 0cm 8pt; line-height: normal; font-size: 12pt; font-family: 'Times New Roman', serif; color: #000000;\"><b><span lang=\"EN-US\">a. \u30bf\u30f3\u30af\u958b\u653e\u30b5\u30fc\u30d3\u30b9\u3001\u6c34\u5727\u8a66\u9a13\u3001\u5fb9\u5e95\u7684\u306a\u6e05\u6383<\/span><\/b><\/p><ul style=\"margin-bottom: 0cm; color: #000000; font-size: medium;\" type=\"disc\"><li class=\"MsoNormal\" style=\"margin: 0cm 0cm 8pt; line-height: normal; font-size: 12pt; font-family: 'Times New Roman', serif;\"><span lang=\"EN-US\">LPG\u30bf\u30f3\u30af\u3092\u958b\u3051\u3001 <b>\u5185\u5916\u306e\u72b6\u614b\u3092\u78ba\u8a8d\u3059\u308b<\/b> \u30bf\u30f3\u30af<\/span><\/li><li class=\"MsoNormal\" style=\"margin: 0cm 0cm 8pt; line-height: normal; font-size: 12pt; font-family: 'Times New Roman', serif;\"><span lang=\"EN-US\">\u5b9f\u884c\u3059\u308b <b>\u5b9a\u671f\u7684\u306a\u6cb9\u5727\u30c6\u30b9\u30c8<\/b> \u8010\u4e45\u6027\u3001\u8010\u5727\u6027\u3092\u8a55\u4fa1\u3057\u3001\u3072\u3073\u5272\u308c\u30ea\u30b9\u30af\u3092\u65e9\u671f\u306b\u691c\u77e5\u3057\u307e\u3059\u3002<\/span><\/li><li class=\"MsoNormal\" style=\"margin: 0cm 0cm 8pt; line-height: normal; font-size: 12pt; font-family: 'Times New Roman', serif;\"><b><span lang=\"EN-US\">\u6d17\u6d44\u3001\u6b8b\u7559\u7269\u306e\u9664\u53bb\u3001\u4e0d\u7d14\u7269\u306e\u9664\u53bb<\/span><\/b><span lang=\"EN-US\"> \u30bf\u30f3\u30af\u306e\u6e05\u6f54\u3055\u3068\u5b89\u5168\u6027\u3092\u7dad\u6301\u3059\u308b\u305f\u3081\u3067\u3059\u3002<\/span><\/li><\/ul><p class=\"MsoNormal\" style=\"margin: 0cm 0cm 8pt; line-height: normal; font-size: 12pt; font-family: 'Times New Roman', serif; color: #000000;\"><b><span lang=\"EN-US\">b. \u30bf\u30f3\u30af\u304a\u3088\u3073\u30d1\u30a4\u30d7\u306e\u6d17\u6d44\u304a\u3088\u3073\u4fdd\u8b77\u5857\u88c5\u30b5\u30fc\u30d3\u30b9<\/span><\/b><\/p><ul style=\"margin-bottom: 0cm; color: #000000; font-size: medium;\" type=\"disc\"><li class=\"MsoNormal\" style=\"margin: 0cm 0cm 8pt; line-height: normal; font-size: 12pt; font-family: 'Times New Roman', serif;\"><span lang=\"EN-US\">\u5168\u4f53\u3092\u6383\u9664\u3059\u308b <b>\u30bf\u30f3\u30af\u8868\u9762\u3001\u914d\u7ba1\u30b7\u30b9\u30c6\u30e0\u304a\u3088\u3073\u7d99\u624b<\/b>\u3001\u30b5\u30d3\u3084\u6cb9\u8102\u3092\u9664\u53bb\u3057\u307e\u3059\u3002<\/span><\/li><li class=\"MsoNormal\" style=\"margin: 0cm 0cm 8pt; line-height: normal; font-size: 12pt; font-family: 'Times New Roman', serif;\"><b><span lang=\"EN-US\">\u9632\u9306\u30b3\u30fc\u30c6\u30a3\u30f3\u30b0<\/span><\/b><span lang=\"EN-US\">\u30c7\u30d0\u30a4\u30b9\u306e\u8010\u4e45\u6027\u3068\u7f8e\u3057\u3055\u3092\u7dad\u6301\u3057\u3001\u7f8e\u89b3\u3068\u9577\u5bff\u547d\u3092\u4fdd\u8a3c\u3057\u307e\u3059\u3002<\/span><\/li><\/ul><p class=\"MsoNormal\" style=\"margin: 0cm 0cm 8pt; line-height: normal; font-size: 12pt; font-family: 'Times New Roman', serif; color: #000000;\"><b><span lang=\"EN-US\">c. \u88dc\u52a9\u88c5\u7f6e\u304a\u3088\u3073\u5b89\u5168\u30b7\u30b9\u30c6\u30e0\u306e\u4fdd\u5b88<\/span><\/b><\/p><ul style=\"margin-bottom: 0cm; color: #000000; font-size: medium;\" type=\"disc\"><li class=\"MsoNormal\" style=\"margin: 0cm 0cm 8pt; line-height: normal; font-size: 12pt; font-family: 'Times New Roman', serif;\"><span lang=\"EN-US\">\u6e05\u6383\u3068\u52d5\u4f5c\u78ba\u8a8d <b>LPG\u6f0f\u308c\u691c\u77e5\u5668\u3001\u6c17\u5316\u5668\u3001\u5b89\u5168\u5f01\u3001\u5727\u529b\u8a08\u3001\u8b66\u544a\u30b7\u30b9\u30c6\u30e0<\/b>.<\/span><\/li><li class=\"MsoNormal\" style=\"margin: 0cm 0cm 8pt; line-height: normal; font-size: 12pt; font-family: 'Times New Roman', serif;\"><span lang=\"EN-US\">\u3059\u3079\u3066\u306e\u6a5f\u5668\u304c <b>\u30b9\u30e0\u30fc\u30ba\u3067\u5fdc\u7b54\u6027\u304c\u9ad8\u304f\u3001\u6b63\u78ba\u306a\u64cd\u4f5c<\/b>\u3042\u3089\u3086\u308b\u72b6\u6cc1\u306b\u5bfe\u5fdc\u3067\u304d\u308b\u3088\u3046\u6e96\u5099\u3092\u6574\u3048\u3066\u3044\u307e\u3059\u3002<\/span><\/li><\/ul><p class=\"MsoNormal\" style=\"margin: 0cm; line-height: normal; font-size: 12pt; font-family: 'Times New Roman', serif; color: #000000;\"><span lang=\"EN-US\">\u00a0<\/span><\/p><p class=\"MsoNormal\" style=\"margin: 0cm 0cm 8pt; line-height: normal; font-size: 12pt; font-family: 'Times New Roman', serif; color: #000000;\"><b><span lang=\"EN-US\" style=\"font-size: 13.5pt;\">3. \u7d50\u679c\u306e\u5831\u544a\u3068\u627f\u8a8d<\/span><\/b><\/p><p class=\"MsoNormal\" style=\"margin: 0cm 0cm 8pt; line-height: normal; font-size: 12pt; font-family: 'Times New Roman', serif; color: #000000;\"><span lang=\"EN-US\">\u4f5c\u696d\u304c\u5b8c\u4e86\u3059\u308b\u3068\u3001HES \u306f\u6b21\u306e\u4f5c\u696d\u3092\u884c\u3044\u307e\u3059\u3002<\/span><\/p><ul style=\"margin-bottom: 0cm; color: #000000; font-size: medium;\" type=\"disc\"><li class=\"MsoNormal\" style=\"margin: 0cm 0cm 8pt; line-height: normal; font-size: 12pt; font-family: 'Times New Roman', serif;\"><b><span lang=\"EN-US\">\u53d7\u5165\u5831\u544a\u66f8\u3068\u8a73\u7d30\u5831\u544a\u66f8\u306e\u4f5c\u6210<\/span><\/b><span lang=\"EN-US\"> \u5b8c\u4e86\u3057\u305f\u30a2\u30a4\u30c6\u30e0<\/span><\/li><li class=\"MsoNormal\" style=\"margin: 0cm 0cm 8pt; line-height: normal; font-size: 12pt; font-family: 'Times New Roman', serif;\"><span lang=\"EN-US\">\u898b\u305b\u308b <b>\u6280\u8853\u8a55\u4fa1\u3001\u5b9a\u671f\u7684\u306a\u30e1\u30f3\u30c6\u30ca\u30f3\u30b9\u306e\u63a8\u5968<\/b> \u4f7f\u7528\u306e\u5404\u6bb5\u968e\u3054\u3068\u306b\u3002<\/span><\/li><li class=\"MsoNormal\" style=\"margin: 0cm 0cm 8pt; line-height: normal; font-size: 12pt; font-family: 'Times New Roman', serif;\"><span lang=\"EN-US\">\u30b7\u30b9\u30c6\u30e0\u63d0\u4f9b\u3078\u306e\u30b3\u30df\u30c3\u30c8\u30e1\u30f3\u30c8 <b>\u6700\u3082\u5b89\u5168\u3001\u6700\u3082\u30af\u30ea\u30fc\u30f3\u3001\u305d\u3057\u3066\u6700\u3082\u5b89\u5b9a\u3057\u305f\u72b6\u614b\u3002<\/b><\/span><\/li><\/ul><p class=\"MsoNormal\" style=\"margin: 0cm; line-height: normal; font-size: 12pt; font-family: 'Times New Roman', serif; color: #000000;\"><span lang=\"EN-US\">\u00a0<\/span><\/p><p class=\"MsoNormal\" style=\"margin: 0cm; line-height: normal; font-size: 12pt; font-family: 'Times New Roman', serif; color: #000000;\"><span lang=\"EN-US\">\u00a0<\/span><\/p><p class=\"MsoNormal\" style=\"margin: 0cm 0cm 8pt; line-height: normal; font-size: 12pt; font-family: 'Times New Roman', serif; color: #000000;\"><span lang=\"EN-US\" style=\"font-family: 'Segoe UI Emoji', sans-serif;\">\ud83d\udc49<\/span><span lang=\"EN-US\"> <b>HES \u2013 LPG \u30b7\u30b9\u30c6\u30e0\u306e\u5b89\u5168\u6027\u3092\u7dad\u6301\u3057\u4fdd\u8b77\u3059\u308b\u4fe1\u983c\u3067\u304d\u308b\u30d1\u30fc\u30c8\u30ca\u30fc\u3002<\/b><br \/>\u79c1\u305f\u3061\u306f\u6a5f\u5668\u306e\u30e1\u30f3\u30c6\u30ca\u30f3\u30b9\u3060\u3051\u3067\u306a\u304f\u3001 <b>\u9867\u5ba2\u306e\u5b89\u5fc3\u3092\u7dad\u6301\u3057\u307e\u3059\u3002<\/b><\/span><\/p>\t\t\t\t\t<\/div>\n\t\t\t\t\t\t<\/div>\n\t\t\t\t<\/div>\n\t\t\t\t\t\t<\/div>\n\t\t\t\t\t<\/div>\n\t\t<\/div>\n\t\t\t\t\t\t\t\t<\/div>\n\t\t\t\t\t<\/div>\n\t\t<\/section>\n\t\t\t\t\t\t\t\t\t<\/div>\n\t\t\t<\/div>\n\t\t\t\t\t<\/div>","protected":false},"excerpt":{"rendered":"<p>D\u1ecaCH V\u1ee4 B\u1ea2O TR\u00cc \u2013 B\u1ea2O D\u01af\u1ee0NG H\u1ec6 TH\u1ed0NG LPG\u00a0V\u1edbi ph\u01b0\u01a1ng ch\u00e2m \u201cAn to\u00e0n \u2013 Hi\u1ec7u qu\u1ea3 \u2013 B\u1ec1n v\u1eefng\u201d, HES lu\u00f4n \u0111\u1ed3ng h\u00e0nh c\u00f9ng kh\u00e1ch h\u00e0ng trong su\u1ed1t qu\u00e1 tr\u00ecnh v\u1eadn h\u00e0nh h\u1ec7 th\u1ed1ng kh\u00ed h\u00f3a l\u1ecfng (LPG). D\u1ecbch v\u1ee5 b\u1ea3o tr\u00ec, b\u1ea3o d\u01b0\u1ee1ng \u0111\u1ecbnh k\u1ef3 c\u1ee7a HES kh\u00f4ng ch\u1ec9 gi\u00fap duy tr\u00ec hi\u1ec7u su\u1ea5t ho\u1ea1t \u0111\u1ed9ng \u1ed5n \u0111\u1ecbnh m\u00e0 c\u00f2n k\u00e9o d\u00e0i tu\u1ed5i th\u1ecd thi\u1ebft b\u1ecb, gi\u1ea3m thi\u1ec3u r\u1ee7i ro v\u00e0 \u0111\u1ea3m b\u1ea3o an to\u00e0n tuy\u1ec7t \u0111\u1ed1i cho to\u00e0n h\u1ec7 th\u1ed1ng.1. Ti\u1ebfp nh\u1eadn &amp; Kh\u1ea3o s\u00e1t hi\u1ec7n tr\u1ea1ngNgay khi nh\u1eadn \u0111\u01b0\u1ee3c y\u00eau c\u1ea7u t\u1eeb kh\u00e1ch h\u00e0ng, \u0111\u1ed9i ng\u0169 k\u1ef9 s\u01b0 HES nhanh ch\u00f3ng:Ti\u1ebfn h\u00e0nh kh\u1ea3o s\u00e1t th\u1ef1c t\u1ebf [&hellip;]<\/p>","protected":false},"author":1,"featured_media":0,"parent":0,"menu_order":0,"comment_status":"closed","ping_status":"closed","template":"elementor_header_footer","meta":{"footnotes":""},"class_list":["post-1570","page","type-page","status-publish","hentry"],"_links":{"self":[{"href":"https:\/\/hiroshima-energysupply.com\/ja\/wp-json\/wp\/v2\/pages\/1570","targetHints":{"allow":["GET"]}}],"collection":[{"href":"https:\/\/hiroshima-energysupply.com\/ja\/wp-json\/wp\/v2\/pages"}],"about":[{"href":"https:\/\/hiroshima-energysupply.com\/ja\/wp-json\/wp\/v2\/types\/page"}],"author":[{"embeddable":true,"href":"https:\/\/hiroshima-energysupply.com\/ja\/wp-json\/wp\/v2\/users\/1"}],"replies":[{"embeddable":true,"href":"https:\/\/hiroshima-energysupply.com\/ja\/wp-json\/wp\/v2\/comments?post=1570"}],"version-history":[{"count":13,"href":"https:\/\/hiroshima-energysupply.com\/ja\/wp-json\/wp\/v2\/pages\/1570\/revisions"}],"predecessor-version":[{"id":1585,"href":"https:\/\/hiroshima-energysupply.com\/ja\/wp-json\/wp\/v2\/pages\/1570\/revisions\/1585"}],"wp:attachment":[{"href":"https:\/\/hiroshima-energysupply.com\/ja\/wp-json\/wp\/v2\/media?parent=1570"}],"curies":[{"name":"wp","href":"https:\/\/api.w.org\/{rel}","templated":true}]}}