{"id":748,"date":"2024-10-23T10:49:45","date_gmt":"2024-10-23T10:49:45","guid":{"rendered":"https:\/\/tulam.click\/?page_id=748"},"modified":"2025-10-11T02:58:47","modified_gmt":"2025-10-11T02:58:47","slug":"gioi-thieu-ve-hiroshima-energy-supply-2","status":"publish","type":"page","link":"https:\/\/hiroshima-energysupply.com\/en\/gioi-thieu-ve-hiroshima-energy-supply-2\/","title":{"rendered":"About Hiroshima Energy Supply"},"content":{"rendered":"<div data-elementor-type=\"wp-page\" data-elementor-id=\"748\" class=\"elementor elementor-748\">\n\t\t\t\t\t\t<div class=\"elementor-inner\">\n\t\t\t\t<div class=\"elementor-section-wrap\">\n\t\t\t\t\t\t\t\t\t<section class=\"elementor-section elementor-top-section elementor-element elementor-element-978dd5 elementor-section-boxed elementor-section-height-default elementor-section-height-default\" data-id=\"978dd5\" data-element_type=\"section\">\n\t\t\t\t\t\t<div class=\"elementor-container elementor-column-gap-default\">\n\t\t\t\t\t\t\t<div class=\"elementor-row\">\n\t\t\t\t\t<div class=\"elementor-column elementor-col-100 elementor-top-column elementor-element elementor-element-55c01f8e\" data-id=\"55c01f8e\" data-element_type=\"column\">\n\t\t\t<div class=\"elementor-column-wrap elementor-element-populated\">\n\t\t\t\t\t\t\t<div class=\"elementor-widget-wrap\">\n\t\t\t\t\t\t<div class=\"elementor-element elementor-element-61fc707b elementor-widget elementor-widget-text-editor\" data-id=\"61fc707b\" data-element_type=\"widget\" data-widget_type=\"text-editor.default\">\n\t\t\t\t<div class=\"elementor-widget-container\">\n\t\t\t\t\t\t\t\t<div class=\"elementor-text-editor elementor-clearfix\">\n\t\t\t\t<p><img loading=\"lazy\" class=\"wp-image-347 aligncenter\" src=\"https:\/\/hiroshima-energysupply.com\/wp-content\/uploads\/2024\/10\/HES-logo-H_HES-logo-H-300x125.png\" alt=\"Hiroshima Energy Supply logo\" width=\"218\" height=\"91\" srcset=\"https:\/\/hiroshima-energysupply.com\/wp-content\/uploads\/2024\/10\/HES-logo-H_HES-logo-H-300x125.png 300w, https:\/\/hiroshima-energysupply.com\/wp-content\/uploads\/2024\/10\/HES-logo-H_HES-logo-H-1024x427.png 1024w, https:\/\/hiroshima-energysupply.com\/wp-content\/uploads\/2024\/10\/HES-logo-H_HES-logo-H-768x321.png 768w, https:\/\/hiroshima-energysupply.com\/wp-content\/uploads\/2024\/10\/HES-logo-H_HES-logo-H.png 1490w\" sizes=\"auto, (max-width: 218px) 100vw, 218px\" \/><\/p><p><strong>1. GENERAL INFORMATION<\/strong><\/p><ul><li>Company Name: Hiroshima Energy Supply Co., Ltd.<\/li><li>English Name: Hiroshima Energy Supply Co., Ltd.<\/li><li>Abbreviation: HES<\/li><li>Established: November 11, 2013<\/li><li>Registered capital: 3,000,000 USD<\/li><li>Factory: Dong Van I Industrial Park Expansion, Dong Van Ward, Ninh Binh Province<\/li><li>Area: 10,000 m\u00b2<\/li><li>Investor: Shirai Shipping Co., Ltd.<\/li><li>Chairman: Mr. Yoshida Yutaka<\/li><\/ul><p>\u00a0 <img loading=\"lazy\" class=\"alignnone wp-image-1027\" src=\"https:\/\/hiroshima-energysupply.com\/wp-content\/uploads\/2024\/11\/1-ban-lanh-dao-cong-ty-10-1024x682.jpg\" alt=\"\" width=\"265\" height=\"176\" srcset=\"https:\/\/hiroshima-energysupply.com\/wp-content\/uploads\/2024\/11\/1-ban-lanh-dao-cong-ty-10-1024x682.jpg 1024w, https:\/\/hiroshima-energysupply.com\/wp-content\/uploads\/2024\/11\/1-ban-lanh-dao-cong-ty-10-300x200.jpg 300w, https:\/\/hiroshima-energysupply.com\/wp-content\/uploads\/2024\/11\/1-ban-lanh-dao-cong-ty-10-768x512.jpg 768w, https:\/\/hiroshima-energysupply.com\/wp-content\/uploads\/2024\/11\/1-ban-lanh-dao-cong-ty-10-1536x1024.jpg 1536w, https:\/\/hiroshima-energysupply.com\/wp-content\/uploads\/2024\/11\/1-ban-lanh-dao-cong-ty-10.jpg 2000w\" sizes=\"auto, (max-width: 265px) 100vw, 265px\" \/> <img loading=\"lazy\" class=\"alignnone wp-image-1036\" src=\"https:\/\/hiroshima-energysupply.com\/wp-content\/uploads\/2024\/11\/HES-08-1024x689.jpg\" alt=\"\" width=\"262\" height=\"176\" srcset=\"https:\/\/hiroshima-energysupply.com\/wp-content\/uploads\/2024\/11\/HES-08-1024x689.jpg 1024w, https:\/\/hiroshima-energysupply.com\/wp-content\/uploads\/2024\/11\/HES-08-300x202.jpg 300w, https:\/\/hiroshima-energysupply.com\/wp-content\/uploads\/2024\/11\/HES-08-768x517.jpg 768w, https:\/\/hiroshima-energysupply.com\/wp-content\/uploads\/2024\/11\/HES-08-1536x1034.jpg 1536w, https:\/\/hiroshima-energysupply.com\/wp-content\/uploads\/2024\/11\/HES-08.jpg 2000w\" sizes=\"auto, (max-width: 262px) 100vw, 262px\" \/><\/p><p><strong>\u00a0<\/strong><\/p><p><strong>2. LOCATION<\/strong>\u00a0<\/p><p><strong><img loading=\"lazy\" class=\"alignnone wp-image-749\" src=\"https:\/\/hiroshima-energysupply.com\/wp-content\/uploads\/2024\/10\/map.jpg\" alt=\"\" width=\"574\" height=\"419\" srcset=\"https:\/\/hiroshima-energysupply.com\/wp-content\/uploads\/2024\/10\/map.jpg 854w, https:\/\/hiroshima-energysupply.com\/wp-content\/uploads\/2024\/10\/map-300x219.jpg 300w, https:\/\/hiroshima-energysupply.com\/wp-content\/uploads\/2024\/10\/map-768x560.jpg 768w\" sizes=\"auto, (max-width: 574px) 100vw, 574px\" \/><\/strong><\/p><ul><li>Distance from Hanoi: 45 km \u2013 Travel time: 45 minutes<\/li><li>Distance from Noi Bai Airport: 85 minutes \u2013 Travel time: 85 minutes<\/li><li>Distance from Hai Phong Port: 160 km \u2013 Travel time: 120 minutes<\/li><\/ul><p><strong>\u00a0<\/strong><\/p><p><strong>3. COMPANY'S INFO<\/strong><\/p><ul><li>Factory area: 10,000 m\u00b2<\/li><li>Storage tank capacity: 2 tanks, each with a capacity of 50 tons<\/li><li>05 Specialized gas tankers<\/li><li>Number of employees: 20 people<\/li><li>&#8230;<\/li><\/ul><p><img loading=\"lazy\" class=\"alignnone wp-image-750\" src=\"https:\/\/hiroshima-energysupply.com\/wp-content\/uploads\/2024\/10\/Kho-binh-gas.png\" alt=\"\" width=\"274\" height=\"189\" srcset=\"https:\/\/hiroshima-energysupply.com\/wp-content\/uploads\/2024\/10\/Kho-binh-gas.png 327w, https:\/\/hiroshima-energysupply.com\/wp-content\/uploads\/2024\/10\/Kho-binh-gas-300x206.png 300w\" sizes=\"auto, (max-width: 274px) 100vw, 274px\" \/> <img loading=\"lazy\" class=\"alignnone wp-image-1035\" src=\"https:\/\/hiroshima-energysupply.com\/wp-content\/uploads\/2024\/11\/HES-07-300x202.jpg\" alt=\"\" width=\"283\" height=\"191\" srcset=\"https:\/\/hiroshima-energysupply.com\/wp-content\/uploads\/2024\/11\/HES-07-300x202.jpg 300w, https:\/\/hiroshima-energysupply.com\/wp-content\/uploads\/2024\/11\/HES-07-1024x689.jpg 1024w, https:\/\/hiroshima-energysupply.com\/wp-content\/uploads\/2024\/11\/HES-07-768x517.jpg 768w, https:\/\/hiroshima-energysupply.com\/wp-content\/uploads\/2024\/11\/HES-07-1536x1034.jpg 1536w, https:\/\/hiroshima-energysupply.com\/wp-content\/uploads\/2024\/11\/HES-07.jpg 2000w\" sizes=\"auto, (max-width: 283px) 100vw, 283px\" \/> <img loading=\"lazy\" class=\"alignnone wp-image-1037\" src=\"https:\/\/hiroshima-energysupply.com\/wp-content\/uploads\/2024\/11\/HES-01-1024x689.jpg\" alt=\"\" width=\"284\" height=\"191\" srcset=\"https:\/\/hiroshima-energysupply.com\/wp-content\/uploads\/2024\/11\/HES-01-1024x689.jpg 1024w, https:\/\/hiroshima-energysupply.com\/wp-content\/uploads\/2024\/11\/HES-01-300x202.jpg 300w, https:\/\/hiroshima-energysupply.com\/wp-content\/uploads\/2024\/11\/HES-01-768x517.jpg 768w, https:\/\/hiroshima-energysupply.com\/wp-content\/uploads\/2024\/11\/HES-01-1536x1034.jpg 1536w, https:\/\/hiroshima-energysupply.com\/wp-content\/uploads\/2024\/11\/HES-01.jpg 2000w\" sizes=\"auto, (max-width: 284px) 100vw, 284px\" \/><\/p><p><strong>4. ORGANIZATIONAL CHART<\/strong><strong>breast<\/strong><\/p><p><img loading=\"lazy\" class=\"alignleft wp-image-1595\" src=\"https:\/\/hiroshima-energysupply.com\/wp-content\/uploads\/2025\/10\/HES-So-do-to-chuc-2025-1024x577.jpg\" alt=\"\" width=\"600\" height=\"338\" srcset=\"https:\/\/hiroshima-energysupply.com\/wp-content\/uploads\/2025\/10\/HES-So-do-to-chuc-2025-1024x577.jpg 1024w, https:\/\/hiroshima-energysupply.com\/wp-content\/uploads\/2025\/10\/HES-So-do-to-chuc-2025-300x169.jpg 300w, https:\/\/hiroshima-energysupply.com\/wp-content\/uploads\/2025\/10\/HES-So-do-to-chuc-2025-768x433.jpg 768w, https:\/\/hiroshima-energysupply.com\/wp-content\/uploads\/2025\/10\/HES-So-do-to-chuc-2025-18x10.jpg 18w, https:\/\/hiroshima-energysupply.com\/wp-content\/uploads\/2025\/10\/HES-So-do-to-chuc-2025.jpg 1500w\" sizes=\"auto, (max-width: 600px) 100vw, 600px\" \/><\/p><p>\u00a0<\/p><p>\u00a0<\/p><p>\u00a0<\/p><p>\u00a0<\/p><p>\u00a0<\/p><p>\u00a0<\/p><p>\u00a0<\/p><p>\u00a0<\/p><p>\u00a0<\/p><p><strong>5. MAIN BUSINESS SECTOR<\/strong><\/p><ul><li>Importing and Trading Gas<\/li><li>Design, Installation, and Maintenance of LPG Supply Systems<\/li><li>Supplying Gas Equipment<\/li><\/ul><p><img loading=\"lazy\" class=\"alignnone wp-image-754\" src=\"https:\/\/hiroshima-energysupply.com\/wp-content\/uploads\/2024\/10\/equipment.jpg\" alt=\"\" width=\"595\" height=\"214\" srcset=\"https:\/\/hiroshima-energysupply.com\/wp-content\/uploads\/2024\/10\/equipment.jpg 1093w, https:\/\/hiroshima-energysupply.com\/wp-content\/uploads\/2024\/10\/equipment-300x108.jpg 300w, https:\/\/hiroshima-energysupply.com\/wp-content\/uploads\/2024\/10\/equipment-1024x368.jpg 1024w, https:\/\/hiroshima-energysupply.com\/wp-content\/uploads\/2024\/10\/equipment-768x276.jpg 768w\" sizes=\"auto, (max-width: 595px) 100vw, 595px\" \/><\/p><p><strong>6. NOTABALE CLIENTS<\/strong><\/p><ul><li>Total number of clients: ~100 clients, of which 70% are Japanese clients<\/li><li>The remaining clients are from: South Korea, Taiwan, China, Germany, Vietnam, etc.<\/li><li>Clients using gas for production: 77%<\/li><li>Clients using gas for cooking: 23%<\/li><\/ul><p><strong><img loading=\"lazy\" class=\"alignnone wp-image-765\" src=\"https:\/\/hiroshima-energysupply.com\/wp-content\/uploads\/2024\/10\/Denka-1.png\" alt=\"\" width=\"90\" height=\"54\" \/>\u00a0 \u00a0 <img loading=\"lazy\" class=\"alignnone wp-image-764\" src=\"https:\/\/hiroshima-energysupply.com\/wp-content\/uploads\/2024\/10\/SVWS.png\" alt=\"\" width=\"79\" height=\"52\" \/>\u00a0 \u00a0\u00a0 <img loading=\"lazy\" class=\"alignnone wp-image-763\" src=\"https:\/\/hiroshima-energysupply.com\/wp-content\/uploads\/2024\/10\/Sunjin.png\" alt=\"\" width=\"110\" height=\"52\" \/>\u00a0 \u00a0 \u00a0<img loading=\"lazy\" class=\"alignnone wp-image-762\" src=\"https:\/\/hiroshima-energysupply.com\/wp-content\/uploads\/2024\/10\/Sumitomo-1.png\" alt=\"\" width=\"167\" height=\"66\" \/>\u00a0 \u00a0\u00a0 <img loading=\"lazy\" class=\"alignnone wp-image-761\" src=\"https:\/\/hiroshima-energysupply.com\/wp-content\/uploads\/2024\/10\/Suminoe.png\" alt=\"\" width=\"135\" height=\"41\" \/><\/strong><\/p><p><strong><img loading=\"lazy\" class=\"alignnone wp-image-760\" src=\"https:\/\/hiroshima-energysupply.com\/wp-content\/uploads\/2024\/10\/Ojitex.png\" alt=\"\" width=\"142\" height=\"59\" \/>\u00a0 \u00a0<img loading=\"lazy\" class=\"alignnone wp-image-758\" src=\"https:\/\/hiroshima-energysupply.com\/wp-content\/uploads\/2024\/10\/KMW.png\" alt=\"\" width=\"73\" height=\"44\" \/>\u00a0 \u00a0 <img loading=\"lazy\" class=\"alignnone wp-image-757\" src=\"https:\/\/hiroshima-energysupply.com\/wp-content\/uploads\/2024\/10\/Gentherm.png\" alt=\"\" width=\"182\" height=\"61\" \/>\u00a0 \u00a0 <img loading=\"lazy\" class=\"alignnone wp-image-756\" src=\"https:\/\/hiroshima-energysupply.com\/wp-content\/uploads\/2024\/10\/Essa-Hitech-1.png\" alt=\"\" width=\"125\" height=\"55\" \/>\u00a0 \u00a0 \u00a0<img loading=\"lazy\" class=\"alignnone wp-image-755\" src=\"https:\/\/hiroshima-energysupply.com\/wp-content\/uploads\/2024\/10\/Denso.png\" alt=\"\" width=\"98\" height=\"74\" \/><\/strong><\/p>\t\t\t\t\t<\/div>\n\t\t\t\t\t\t<\/div>\n\t\t\t\t<\/div>\n\t\t\t\t\t\t<\/div>\n\t\t\t\t\t<\/div>\n\t\t<\/div>\n\t\t\t\t\t\t\t\t<\/div>\n\t\t\t\t\t<\/div>\n\t\t<\/section>\n\t\t\t\t\t\t\t\t\t<\/div>\n\t\t\t<\/div>\n\t\t\t\t\t<\/div>","protected":false},"excerpt":{"rendered":"<p>1. TH\u00d4NG TIN CHUNGT\u00ean C\u00f4ng ty: C\u00f4ng ty TNHH Hiroshima Energy SupplyT\u00ean Ti\u1ebfng Anh: Hiroshima Energy Supply Co., Ltd.T\u00ean vi\u1ebft t\u1eaft: HESNg\u00e0y th\u00e0nh l\u1eadp: 11\/11\/2013V\u1ed1n \u0111\u0103ng k\u00fd: 3.000.000 USDNh\u00e0 m\u00e1y: Khu c\u00f4ng nghi\u1ec7p \u0110\u1ed3ng V\u0103n I m\u1edf r\u1ed9ng, Ph\u01b0\u1eddng \u0110\u1ed3ng V\u0103n, T\u1ec9nh Ninh B\u00ecnhDi\u1ec7n t\u00edch: 10.000 m2Ch\u1ee7 \u0111\u1ea7u t\u01b0: Shirai Shipping Co., Ltd.Ch\u1ee7 t\u1ecbch: Mr. [&hellip;]<\/p>","protected":false},"author":1,"featured_media":0,"parent":0,"menu_order":0,"comment_status":"closed","ping_status":"closed","template":"elementor_header_footer","meta":{"footnotes":""},"class_list":["post-748","page","type-page","status-publish","hentry"],"_links":{"self":[{"href":"https:\/\/hiroshima-energysupply.com\/en\/wp-json\/wp\/v2\/pages\/748","targetHints":{"allow":["GET"]}}],"collection":[{"href":"https:\/\/hiroshima-energysupply.com\/en\/wp-json\/wp\/v2\/pages"}],"about":[{"href":"https:\/\/hiroshima-energysupply.com\/en\/wp-json\/wp\/v2\/types\/page"}],"author":[{"embeddable":true,"href":"https:\/\/hiroshima-energysupply.com\/en\/wp-json\/wp\/v2\/users\/1"}],"replies":[{"embeddable":true,"href":"https:\/\/hiroshima-energysupply.com\/en\/wp-json\/wp\/v2\/comments?post=748"}],"version-history":[{"count":52,"href":"https:\/\/hiroshima-energysupply.com\/en\/wp-json\/wp\/v2\/pages\/748\/revisions"}],"predecessor-version":[{"id":1601,"href":"https:\/\/hiroshima-energysupply.com\/en\/wp-json\/wp\/v2\/pages\/748\/revisions\/1601"}],"wp:attachment":[{"href":"https:\/\/hiroshima-energysupply.com\/en\/wp-json\/wp\/v2\/media?parent=748"}],"curies":[{"name":"wp","href":"https:\/\/api.w.org\/{rel}","templated":true}]}}