{"id":380,"date":"2024-10-15T14:06:10","date_gmt":"2024-10-15T14:06:10","guid":{"rendered":"https:\/\/tulam.click\/?page_id=380"},"modified":"2025-09-30T07:32:52","modified_gmt":"2025-09-30T07:32:52","slug":"thong-diep-tu-lanh-dao","status":"publish","type":"page","link":"https:\/\/hiroshima-energysupply.com\/en\/gioi-thieu-ve-hiroshima-energy-supply\/thong-diep-tu-lanh-dao\/","title":{"rendered":"Message from the Chairman"},"content":{"rendered":"<div data-elementor-type=\"wp-page\" data-elementor-id=\"380\" class=\"elementor elementor-380\">\n\t\t\t\t\t\t<div class=\"elementor-inner\">\n\t\t\t\t<div class=\"elementor-section-wrap\">\n\t\t\t\t\t\t\t\t\t<section class=\"elementor-section elementor-top-section elementor-element elementor-element-662806c5 elementor-section-boxed elementor-section-height-default elementor-section-height-default\" data-id=\"662806c5\" data-element_type=\"section\">\n\t\t\t\t\t\t<div class=\"elementor-container elementor-column-gap-default\">\n\t\t\t\t\t\t\t<div class=\"elementor-row\">\n\t\t\t\t\t<div class=\"elementor-column elementor-col-100 elementor-top-column elementor-element elementor-element-18733426\" data-id=\"18733426\" data-element_type=\"column\">\n\t\t\t<div class=\"elementor-column-wrap elementor-element-populated\">\n\t\t\t\t\t\t\t<div class=\"elementor-widget-wrap\">\n\t\t\t\t\t\t<div class=\"elementor-element elementor-element-6c5847da elementor-widget__width-initial elementor-widget elementor-widget-text-editor\" data-id=\"6c5847da\" data-element_type=\"widget\" data-widget_type=\"text-editor.default\">\n\t\t\t\t<div class=\"elementor-widget-container\">\n\t\t\t\t\t\t\t\t<div class=\"elementor-text-editor elementor-clearfix\">\n\t\t\t\t<p style=\"text-align: center;\"><b>MESSAGE FROM THE CHAIRMAN<\/b><\/p><p><strong>\u00a0 \u00a0 \u00a0 \u00a0 \u00a0 \u00a0 \u00a0 \u00a0 Dear Customer,<\/strong><\/p><p>Hiroshima Energy Supply Co., Ltd. is a Japanese-owned 100% enterprise established in 2013. I, as the Owner, Founder, Chairman of the Board of Directors and Chief Executive Officer (CEO), have consistently maintained the philosophy of \u201cSafety First\u201d since its establishment.<\/p><p style=\"text-align: left;\"><img loading=\"lazy\" class=\"wp-image-733 alignleft\" src=\"https:\/\/hiroshima-energysupply.com\/wp-content\/uploads\/2024\/10\/IMG_1225.jpg\" alt=\"\" width=\"301\" height=\"201\" srcset=\"https:\/\/hiroshima-energysupply.com\/wp-content\/uploads\/2024\/10\/IMG_1225.jpg 1216w, https:\/\/hiroshima-energysupply.com\/wp-content\/uploads\/2024\/10\/IMG_1225-300x200.jpg 300w, https:\/\/hiroshima-energysupply.com\/wp-content\/uploads\/2024\/10\/IMG_1225-1024x683.jpg 1024w, https:\/\/hiroshima-energysupply.com\/wp-content\/uploads\/2024\/10\/IMG_1225-768x512.jpg 768w\" sizes=\"auto, (max-width: 301px) 100vw, 301px\" \/>\u00a0 <img loading=\"lazy\" class=\"wp-image-1027 alignleft\" src=\"https:\/\/hiroshima-energysupply.com\/wp-content\/uploads\/2024\/11\/1-ban-lanh-dao-cong-ty-10-1024x682.jpg\" alt=\"\" width=\"302\" height=\"201\" srcset=\"https:\/\/hiroshima-energysupply.com\/wp-content\/uploads\/2024\/11\/1-ban-lanh-dao-cong-ty-10-1024x682.jpg 1024w, https:\/\/hiroshima-energysupply.com\/wp-content\/uploads\/2024\/11\/1-ban-lanh-dao-cong-ty-10-300x200.jpg 300w, https:\/\/hiroshima-energysupply.com\/wp-content\/uploads\/2024\/11\/1-ban-lanh-dao-cong-ty-10-768x512.jpg 768w, https:\/\/hiroshima-energysupply.com\/wp-content\/uploads\/2024\/11\/1-ban-lanh-dao-cong-ty-10-1536x1024.jpg 1536w, https:\/\/hiroshima-energysupply.com\/wp-content\/uploads\/2024\/11\/1-ban-lanh-dao-cong-ty-10.jpg 2000w\" sizes=\"auto, (max-width: 302px) 100vw, 302px\" \/><\/p><p>\u00a0<\/p><p>\u00a0<\/p><p>\u00a0<\/p><p>\u00a0<\/p><p>Based on Japanese quality and technology, our company provides services related to Liquefied Petroleum Gas (LPG) to bring \u201cSafety \u2013 Peace of mind \u2013 Convenience\u201d to customers. We are committed to providing our best support so that you can operate your plant more efficiently and safely, while minimizing investment risks.<\/p><p><img loading=\"lazy\" class=\"wp-image-735 alignnone\" src=\"https:\/\/hiroshima-energysupply.com\/wp-content\/uploads\/2024\/10\/Company-HES.jpg\" alt=\"Factory HES\" width=\"911\" height=\"307\" srcset=\"https:\/\/hiroshima-energysupply.com\/wp-content\/uploads\/2024\/10\/Company-HES.jpg 1240w, https:\/\/hiroshima-energysupply.com\/wp-content\/uploads\/2024\/10\/Company-HES-300x101.jpg 300w, https:\/\/hiroshima-energysupply.com\/wp-content\/uploads\/2024\/10\/Company-HES-1024x345.jpg 1024w, https:\/\/hiroshima-energysupply.com\/wp-content\/uploads\/2024\/10\/Company-HES-768x259.jpg 768w\" sizes=\"auto, (max-width: 911px) 100vw, 911px\" \/><\/p><p>Our company uses 100% imported gas, providing a stable gas source with high calorific value, stored in cylinders or large tanks. Our gas is mainly used for factory production, boilers, kitchens, and forklifts. This helps us realize a stable and safe gas supply system.<\/p><p>In addition, we design and construct gas supply systems by a team of skilled technicians, ensuring the highest level of safety and reliability. All equipment and components used are high-quality products, complying with Japanese standards. Furthermore, a prominent feature of our company is the free safety inspection service every six months to minimize risks such as gas leaks.<\/p><p><img loading=\"lazy\" class=\"wp-image-1062 alignleft\" src=\"https:\/\/hiroshima-energysupply.com\/wp-content\/uploads\/2024\/12\/1-ban-lanh-dao-F-8_resize.jpg\" alt=\"\" width=\"623\" height=\"356\" srcset=\"https:\/\/hiroshima-energysupply.com\/wp-content\/uploads\/2024\/12\/1-ban-lanh-dao-F-8_resize.jpg 1000w, https:\/\/hiroshima-energysupply.com\/wp-content\/uploads\/2024\/12\/1-ban-lanh-dao-F-8_resize-300x171.jpg 300w, https:\/\/hiroshima-energysupply.com\/wp-content\/uploads\/2024\/12\/1-ban-lanh-dao-F-8_resize-768x439.jpg 768w\" sizes=\"auto, (max-width: 623px) 100vw, 623px\" \/><\/p><p>\u00a0<\/p><p>\u00a0<\/p><p>\u00a0<\/p><p>\u00a0<\/p><p>\u00a0<\/p><p>\u00a0<\/p><p>\u00a0<\/p><p>\u00a0<\/p><p>\u00a0<\/p><p>Regular safety inspections will help us provide our customers with a safe and comfortable environment. In the future, I will deepen my responsibility as a founder and continue to contribute to the development of our customers in the spirit of \u201cSafety is the top priority.\u201d<\/p><p><img loading=\"lazy\" class=\"wp-image-732 aligncenter\" src=\"https:\/\/hiroshima-energysupply.com\/wp-content\/uploads\/2024\/10\/Mr-Yoshida.jpg\" alt=\"Mr Yoshida\" width=\"140\" height=\"139\" srcset=\"https:\/\/hiroshima-energysupply.com\/wp-content\/uploads\/2024\/10\/Mr-Yoshida.jpg 270w, https:\/\/hiroshima-energysupply.com\/wp-content\/uploads\/2024\/10\/Mr-Yoshida-150x150.jpg 150w\" sizes=\"auto, (max-width: 140px) 100vw, 140px\" \/><\/p><p style=\"text-align: center;\"><em>Hiroshima Energy Supply Co., LTD<\/em><\/p><p style=\"text-align: center;\"><em>Chairman &amp; CEO<\/em><\/p>\t\t\t\t\t<\/div>\n\t\t\t\t\t\t<\/div>\n\t\t\t\t<\/div>\n\t\t\t\t\t\t<\/div>\n\t\t\t\t\t<\/div>\n\t\t<\/div>\n\t\t\t\t\t\t\t\t<\/div>\n\t\t\t\t\t<\/div>\n\t\t<\/section>\n\t\t\t\t\t\t\t\t\t<\/div>\n\t\t\t<\/div>\n\t\t\t\t\t<\/div>","protected":false},"excerpt":{"rendered":"<p>TH\u00d4NG \u0110I\u1ec6P T\u1eea CH\u1ee6 T\u1ecaCH\u00a0 \u00a0 \u00a0 \u00a0 \u00a0 \u00a0 \u00a0 \u00a0 K\u00ednh g\u1eedi Qu\u00fd kh\u00e1ch h\u00e0ng,C\u00f4ng ty TNHH Hiroshima Energy Supply l\u00e0 m\u1ed9t doanh nghi\u1ec7p 100% v\u1ed1n Nh\u1eadt B\u1ea3n, \u0111\u01b0\u1ee3c th\u00e0nh l\u1eadp v\u00e0o n\u0103m 2013. T\u00f4i, v\u1edbi t\u01b0 c\u00e1ch l\u00e0 Ch\u1ee7 s\u1edf h\u1eefu, Ng\u01b0\u1eddi s\u00e1ng l\u1eadp ki\u00eam Ch\u1ee7 t\u1ecbch H\u1ed9i \u0111\u1ed3ng qu\u1ea3n tr\u1ecb v\u00e0 [&hellip;]<\/p>","protected":false},"author":1,"featured_media":0,"parent":348,"menu_order":0,"comment_status":"closed","ping_status":"closed","template":"elementor_header_footer","meta":{"footnotes":""},"class_list":["post-380","page","type-page","status-publish","hentry"],"_links":{"self":[{"href":"https:\/\/hiroshima-energysupply.com\/en\/wp-json\/wp\/v2\/pages\/380","targetHints":{"allow":["GET"]}}],"collection":[{"href":"https:\/\/hiroshima-energysupply.com\/en\/wp-json\/wp\/v2\/pages"}],"about":[{"href":"https:\/\/hiroshima-energysupply.com\/en\/wp-json\/wp\/v2\/types\/page"}],"author":[{"embeddable":true,"href":"https:\/\/hiroshima-energysupply.com\/en\/wp-json\/wp\/v2\/users\/1"}],"replies":[{"embeddable":true,"href":"https:\/\/hiroshima-energysupply.com\/en\/wp-json\/wp\/v2\/comments?post=380"}],"version-history":[{"count":17,"href":"https:\/\/hiroshima-energysupply.com\/en\/wp-json\/wp\/v2\/pages\/380\/revisions"}],"predecessor-version":[{"id":1435,"href":"https:\/\/hiroshima-energysupply.com\/en\/wp-json\/wp\/v2\/pages\/380\/revisions\/1435"}],"up":[{"embeddable":true,"href":"https:\/\/hiroshima-energysupply.com\/en\/wp-json\/wp\/v2\/pages\/348"}],"wp:attachment":[{"href":"https:\/\/hiroshima-energysupply.com\/en\/wp-json\/wp\/v2\/media?parent=380"}],"curies":[{"name":"wp","href":"https:\/\/api.w.org\/{rel}","templated":true}]}}