{"id":1570,"date":"2025-10-10T04:30:32","date_gmt":"2025-10-10T04:30:32","guid":{"rendered":"https:\/\/hiroshima-energysupply.com\/?page_id=1570"},"modified":"2025-10-10T04:39:12","modified_gmt":"2025-10-10T04:39:12","slug":"dich-vu-bao-tri-bao-duong-lpg","status":"publish","type":"page","link":"https:\/\/hiroshima-energysupply.com\/en\/dich-vu-bao-tri-bao-duong-lpg\/","title":{"rendered":"LPG system maintenance and repair services"},"content":{"rendered":"<div data-elementor-type=\"wp-page\" data-elementor-id=\"1570\" class=\"elementor elementor-1570\">\n\t\t\t\t\t\t<div class=\"elementor-inner\">\n\t\t\t\t<div class=\"elementor-section-wrap\">\n\t\t\t\t\t\t\t\t\t<section class=\"elementor-section elementor-top-section elementor-element elementor-element-6b2b2b7 elementor-section-boxed elementor-section-height-default elementor-section-height-default\" data-id=\"6b2b2b7\" data-element_type=\"section\">\n\t\t\t\t\t\t<div class=\"elementor-container elementor-column-gap-default\">\n\t\t\t\t\t\t\t<div class=\"elementor-row\">\n\t\t\t\t\t<div class=\"elementor-column elementor-col-100 elementor-top-column elementor-element elementor-element-f69e4a6\" data-id=\"f69e4a6\" data-element_type=\"column\">\n\t\t\t<div class=\"elementor-column-wrap elementor-element-populated\">\n\t\t\t\t\t\t\t<div class=\"elementor-widget-wrap\">\n\t\t\t\t\t\t<div class=\"elementor-element elementor-element-aa13e13 elementor-widget elementor-widget-text-editor\" data-id=\"aa13e13\" data-element_type=\"widget\" data-widget_type=\"text-editor.default\">\n\t\t\t\t<div class=\"elementor-widget-container\">\n\t\t\t\t\t\t\t\t<div class=\"elementor-text-editor elementor-clearfix\">\n\t\t\t\t<p class=\"MsoNormal\" style=\"margin: 0cm 0cm 8pt; line-height: normal; font-size: 12pt; font-family: 'Times New Roman', serif; color: #000000; text-align: center;\"><b><span lang=\"EN-US\" style=\"font-size: 18pt;\">LPG SYSTEM MAINTENANCE SERVICE<\/span><\/b><\/p><p>\u00a0<\/p><p class=\"MsoNormal\" style=\"margin: 0cm 0cm 8pt; line-height: normal; font-size: 12pt; font-family: 'Times New Roman', serif; color: #000000;\"><span lang=\"EN-US\">With the motto <b>\u201cSafe \u2013 Effective \u2013 Sustainable\u201d<\/b>, HES always accompanies customers throughout the operation of the liquefied petroleum gas (LPG) system. Service <b>regular maintenance<\/b> HES not only helps maintain stable operating performance but also <b>prolong equipment life, minimize risks and ensure absolute safety<\/b> for the whole system.<\/span><\/p><p class=\"MsoNormal\" style=\"margin: 0cm 0cm 8pt; line-height: normal; font-size: 12pt; font-family: 'Times New Roman', serif; color: #000000;\"><b><span lang=\"EN-US\" style=\"font-size: 13.5pt;\">1. Reception &amp; Current Status Survey<\/span><\/b><\/p><p class=\"MsoNormal\" style=\"margin: 0cm 0cm 8pt; line-height: normal; font-size: 12pt; font-family: 'Times New Roman', serif; color: #000000;\"><span lang=\"EN-US\">As soon as receiving a request from a customer, the HES engineering team quickly:<\/span><\/p><ul style=\"margin-bottom: 0cm; color: #000000; font-size: medium;\" type=\"disc\"><li class=\"MsoNormal\" style=\"margin: 0cm 0cm 8pt; line-height: normal; font-size: 12pt; font-family: 'Times New Roman', serif;\"><span lang=\"EN-US\">Proceed <b>system survey<\/b>, assess the condition of equipment, piping, tanks and accessories.<\/span><\/li><li class=\"MsoNormal\" style=\"margin: 0cm 0cm 8pt; line-height: normal; font-size: 12pt; font-family: 'Times New Roman', serif;\"><b><span lang=\"EN-US\">Analyze the level of wear and damage<\/span><\/b><span lang=\"EN-US\"> and identify specific maintenance needs.<\/span><\/li><li class=\"MsoNormal\" style=\"margin: 0cm 0cm 8pt; line-height: normal; font-size: 12pt; font-family: 'Times New Roman', serif;\"><b><span lang=\"EN-US\">Make detailed estimates<\/span><\/b><span lang=\"EN-US\"> on materials, labor and implementation time, ensuring transparency and cost optimization for customers.<\/span><\/li><\/ul><p class=\"MsoNormal\" style=\"margin: 0cm 0cm 8pt; line-height: normal; font-size: 12pt; font-family: 'Times New Roman', serif; color: #000000;\"><b><span lang=\"EN-US\" style=\"font-size: 13.5pt;\">2. Perform intensive maintenance<\/span><\/b><\/p><p class=\"MsoNormal\" style=\"margin: 0cm 0cm 8pt; line-height: normal; font-size: 12pt; font-family: 'Times New Roman', serif; color: #000000;\"><span lang=\"EN-US\">HES deploys services according to professional processes, strictly adhering to technical and safety standards:<\/span><\/p><p class=\"MsoNormal\" style=\"margin: 0cm 0cm 8pt; line-height: normal; font-size: 12pt; font-family: 'Times New Roman', serif; color: #000000;\"><b><span lang=\"EN-US\">Main service categories include:<\/span><\/b><\/p><p class=\"MsoNormal\" style=\"margin: 0cm 0cm 8pt; line-height: normal; font-size: 12pt; font-family: 'Times New Roman', serif; color: #000000;\"><b><span lang=\"EN-US\">a. Tank opening service, hydraulic testing, comprehensive cleaning<\/span><\/b><\/p><ul style=\"margin-bottom: 0cm; color: #000000; font-size: medium;\" type=\"disc\"><li class=\"MsoNormal\" style=\"margin: 0cm 0cm 8pt; line-height: normal; font-size: 12pt; font-family: 'Times New Roman', serif;\"><span lang=\"EN-US\">Open LPG tank, <b>check the condition inside and out<\/b> tank<\/span><\/li><li class=\"MsoNormal\" style=\"margin: 0cm 0cm 8pt; line-height: normal; font-size: 12pt; font-family: 'Times New Roman', serif;\"><span lang=\"EN-US\">Perform <b>periodic hydraulic test<\/b> to evaluate durability, pressure resistance and early detection of cracking risk.<\/span><\/li><li class=\"MsoNormal\" style=\"margin: 0cm 0cm 8pt; line-height: normal; font-size: 12pt; font-family: 'Times New Roman', serif;\"><b><span lang=\"EN-US\">Cleaning, removing residue, removing impurities<\/span><\/b><span lang=\"EN-US\"> to maintain the cleanliness and safety of the tank.<\/span><\/li><\/ul><p class=\"MsoNormal\" style=\"margin: 0cm 0cm 8pt; line-height: normal; font-size: 12pt; font-family: 'Times New Roman', serif; color: #000000;\"><b><span lang=\"EN-US\">b. Cleaning and protective painting services for tanks and pipes<\/span><\/b><\/p><ul style=\"margin-bottom: 0cm; color: #000000; font-size: medium;\" type=\"disc\"><li class=\"MsoNormal\" style=\"margin: 0cm 0cm 8pt; line-height: normal; font-size: 12pt; font-family: 'Times New Roman', serif;\"><span lang=\"EN-US\">Clean the whole <b>tank surface, piping system and fittings<\/b>, remove rust, grease.<\/span><\/li><li class=\"MsoNormal\" style=\"margin: 0cm 0cm 8pt; line-height: normal; font-size: 12pt; font-family: 'Times New Roman', serif;\"><b><span lang=\"EN-US\">Anti-corrosion coating<\/span><\/b><span lang=\"EN-US\">, helps the device stay durable and beautiful, ensuring aesthetics and long life.<\/span><\/li><\/ul><p class=\"MsoNormal\" style=\"margin: 0cm 0cm 8pt; line-height: normal; font-size: 12pt; font-family: 'Times New Roman', serif; color: #000000;\"><b><span lang=\"EN-US\">c. Maintenance of auxiliary equipment and safety systems<\/span><\/b><\/p><ul style=\"margin-bottom: 0cm; color: #000000; font-size: medium;\" type=\"disc\"><li class=\"MsoNormal\" style=\"margin: 0cm 0cm 8pt; line-height: normal; font-size: 12pt; font-family: 'Times New Roman', serif;\"><span lang=\"EN-US\">Clean and check the operation of <b>LPG leak detector, vaporizer, safety valve, pressure gauge, warning system<\/b>.<\/span><\/li><li class=\"MsoNormal\" style=\"margin: 0cm 0cm 8pt; line-height: normal; font-size: 12pt; font-family: 'Times New Roman', serif;\"><span lang=\"EN-US\">Ensure all equipment <b>smooth, responsive and precise operation<\/b>, ready to respond to all situations.<\/span><\/li><\/ul><p class=\"MsoNormal\" style=\"margin: 0cm; line-height: normal; font-size: 12pt; font-family: 'Times New Roman', serif; color: #000000;\"><span lang=\"EN-US\">\u00a0<\/span><\/p><p class=\"MsoNormal\" style=\"margin: 0cm 0cm 8pt; line-height: normal; font-size: 12pt; font-family: 'Times New Roman', serif; color: #000000;\"><b><span lang=\"EN-US\" style=\"font-size: 13.5pt;\">3. Reporting &amp; Acceptance of results<\/span><\/b><\/p><p class=\"MsoNormal\" style=\"margin: 0cm 0cm 8pt; line-height: normal; font-size: 12pt; font-family: 'Times New Roman', serif; color: #000000;\"><span lang=\"EN-US\">Upon completion of the work, HES will:<\/span><\/p><ul style=\"margin-bottom: 0cm; color: #000000; font-size: medium;\" type=\"disc\"><li class=\"MsoNormal\" style=\"margin: 0cm 0cm 8pt; line-height: normal; font-size: 12pt; font-family: 'Times New Roman', serif;\"><b><span lang=\"EN-US\">Prepare acceptance report and detailed report<\/span><\/b><span lang=\"EN-US\"> items completed<\/span><\/li><li class=\"MsoNormal\" style=\"margin: 0cm 0cm 8pt; line-height: normal; font-size: 12pt; font-family: 'Times New Roman', serif;\"><span lang=\"EN-US\">Show <b>technical assessment, periodic maintenance recommendations<\/b> for each subsequent stage of use.<\/span><\/li><li class=\"MsoNormal\" style=\"margin: 0cm 0cm 8pt; line-height: normal; font-size: 12pt; font-family: 'Times New Roman', serif;\"><span lang=\"EN-US\">Commitment to system delivery within <b>safest, cleanest and most stable state.<\/b><\/span><\/li><\/ul><p class=\"MsoNormal\" style=\"margin: 0cm; line-height: normal; font-size: 12pt; font-family: 'Times New Roman', serif; color: #000000;\"><span lang=\"EN-US\">\u00a0<\/span><\/p><p class=\"MsoNormal\" style=\"margin: 0cm; line-height: normal; font-size: 12pt; font-family: 'Times New Roman', serif; color: #000000;\"><span lang=\"EN-US\">\u00a0<\/span><\/p><p class=\"MsoNormal\" style=\"margin: 0cm 0cm 8pt; line-height: normal; font-size: 12pt; font-family: 'Times New Roman', serif; color: #000000;\"><span lang=\"EN-US\" style=\"font-family: 'Segoe UI Emoji', sans-serif;\">\ud83d\udc49<\/span><span lang=\"EN-US\"> <b>HES \u2013 A trusted partner in maintaining and protecting the safety of your LPG system.<\/b><br \/>We not only maintain equipment, but also <b>maintain customer peace of mind.<\/b><\/span><\/p>\t\t\t\t\t<\/div>\n\t\t\t\t\t\t<\/div>\n\t\t\t\t<\/div>\n\t\t\t\t\t\t<\/div>\n\t\t\t\t\t<\/div>\n\t\t<\/div>\n\t\t\t\t\t\t\t\t<\/div>\n\t\t\t\t\t<\/div>\n\t\t<\/section>\n\t\t\t\t\t\t\t\t\t<\/div>\n\t\t\t<\/div>\n\t\t\t\t\t<\/div>","protected":false},"excerpt":{"rendered":"<p>D\u1ecaCH V\u1ee4 B\u1ea2O TR\u00cc \u2013 B\u1ea2O D\u01af\u1ee0NG H\u1ec6 TH\u1ed0NG LPG\u00a0V\u1edbi ph\u01b0\u01a1ng ch\u00e2m \u201cAn to\u00e0n \u2013 Hi\u1ec7u qu\u1ea3 \u2013 B\u1ec1n v\u1eefng\u201d, HES lu\u00f4n \u0111\u1ed3ng h\u00e0nh c\u00f9ng kh\u00e1ch h\u00e0ng trong su\u1ed1t qu\u00e1 tr\u00ecnh v\u1eadn h\u00e0nh h\u1ec7 th\u1ed1ng kh\u00ed h\u00f3a l\u1ecfng (LPG). D\u1ecbch v\u1ee5 b\u1ea3o tr\u00ec, b\u1ea3o d\u01b0\u1ee1ng \u0111\u1ecbnh k\u1ef3 c\u1ee7a HES kh\u00f4ng ch\u1ec9 gi\u00fap duy tr\u00ec hi\u1ec7u [&hellip;]<\/p>","protected":false},"author":1,"featured_media":0,"parent":0,"menu_order":0,"comment_status":"closed","ping_status":"closed","template":"elementor_header_footer","meta":{"footnotes":""},"class_list":["post-1570","page","type-page","status-publish","hentry"],"_links":{"self":[{"href":"https:\/\/hiroshima-energysupply.com\/en\/wp-json\/wp\/v2\/pages\/1570","targetHints":{"allow":["GET"]}}],"collection":[{"href":"https:\/\/hiroshima-energysupply.com\/en\/wp-json\/wp\/v2\/pages"}],"about":[{"href":"https:\/\/hiroshima-energysupply.com\/en\/wp-json\/wp\/v2\/types\/page"}],"author":[{"embeddable":true,"href":"https:\/\/hiroshima-energysupply.com\/en\/wp-json\/wp\/v2\/users\/1"}],"replies":[{"embeddable":true,"href":"https:\/\/hiroshima-energysupply.com\/en\/wp-json\/wp\/v2\/comments?post=1570"}],"version-history":[{"count":13,"href":"https:\/\/hiroshima-energysupply.com\/en\/wp-json\/wp\/v2\/pages\/1570\/revisions"}],"predecessor-version":[{"id":1585,"href":"https:\/\/hiroshima-energysupply.com\/en\/wp-json\/wp\/v2\/pages\/1570\/revisions\/1585"}],"wp:attachment":[{"href":"https:\/\/hiroshima-energysupply.com\/en\/wp-json\/wp\/v2\/media?parent=1570"}],"curies":[{"name":"wp","href":"https:\/\/api.w.org\/{rel}","templated":true}]}}